{"id":1028,"date":"2019-03-11T16:21:18","date_gmt":"2019-03-11T15:21:18","guid":{"rendered":"https:\/\/hosteldeventer.nl\/wat-bieden-we\/"},"modified":"2025-12-28T14:30:22","modified_gmt":"2025-12-28T13:30:22","slug":"wat-bieden-we","status":"publish","type":"page","link":"https:\/\/hosteldeventer.nl\/de\/wat-bieden-we\/","title":{"rendered":"Was bieten wir"},"content":{"rendered":"<p><div id=\"thz-section-holder-sfc3a8ece\" class=\"thz-section-holder section-notcontained none\" data-view-brightness=\"none\">\r\n\t<section class=\"thz-section\">\r\n\t\t<div class=\"thz-section-in\">\r\n\t\t\t\t\t<div class=\"thz-container content-contained thz-site-width\">\r\n\t\t\t\t\t\t\t<\/div>\r\n\t\t\t\t<\/div>\r\n\t\t<div class=\"thz-bglayer-container\"><div id=\"thz-bglayer-1dce792f\" class=\"thz-basic-bglayer\"><\/div><\/div>\t\t<\/section>\r\n<\/div>\r\n<div id=\"thz-section-holder-s6c66b36d\" class=\"thz-section-holder section-notcontained none\" data-view-brightness=\"none\">\r\n\t<section class=\"thz-section\">\r\n\t\t<div class=\"thz-section-in\">\r\n\t\t\t\t\t<div class=\"thz-container content-contained thz-site-width\">\r\n\t\t\t\t<div class=\"thz-row\">\r\n\t<div id=\"thz-column-c5ce9a455\" class=\"thz-column thz-col-2-3 fstart\">\r\n\t<div class=\"thz-column-container\">\r\n        <div class=\"thz-column-in\">\r\n                        <div class=\"thz-column-shortcodes\">\t\r\n                <div id=\"thz-sh-1244e510\" class=\"thz-shc thz-heading thz-sh-1244e510 thz-sh-plain thz-sh-pos-both\">\r\n\t<div class=\"thz-heading-holder\">\r\n\t\t\t\t\t\t\t<\/div>\r\n<\/div><div id=\"thz-sh-f376555f\" class=\"thz-shc thz-heading thz-sh-f376555f thz-sh-plain thz-sh-pos-both\">\r\n\t<div class=\"thz-heading-holder\">\r\n\t\t\t\t\t\t\t<\/div>\r\n<\/div><div id=\"thz-text-block-0960e049\" class=\"thz-shc thz-text-block\"><div id=\"thz-sh-f376555f\" class=\"thz-shc thz-heading thz-sh-f376555f thz-sh-plain thz-sh-pos-both\"><div class=\"thz-heading-holder\"><h3 class=\"thz-heading-title\">Neben einem tollen Platz zum Schlafen, bieten wir unseren G\u00e4sten folgendes:<\/h3><ul><li class=\"thz-heading-title\">Automatisierter Check-in und Check-out Vorgang<\/li><li class=\"thz-heading-title\">Kostenloses W-LAN<\/li><li>Netzwerkkabel in den Zimmern<\/li><li>Freie Nutzung der K\u00fcche + Zubeh\u00f6r<\/li><li>Reinigung, W\u00e4sche und Bettzeug sind inklusive<\/li><li>1 Doppelzimmer mit eigenem Badeszimmer<\/li><li>2 Einzel- und 4 Doppelzimmer mit gemeinsamen Badezimmern<\/li><li>Jedes Zimmer hat ein eigenes Waschbecken<\/li><li>Sch\u00f6ne Aussicht \u00fcber die Altstadt von Deventer<\/li><\/ul><\/div><\/div><\/div><div id=\"thz-sh-c1cc8075\" class=\"thz-shc thz-heading thz-sh-c1cc8075 thz-sh-plain thz-sh-pos-both\">\r\n\t<div class=\"thz-heading-holder\">\r\n\t\t\t\t\t\t\t<\/div>\r\n<\/div><div id=\"thz-text-block-d2d4e800\" class=\"thz-shc thz-text-block\"><h3>Um es f\u00fcr alle angenehm zu machen,\u00a0 haben wir folgende Hausordnung:<\/h3><ul><li>Rauchen im Zimmer oder aus dem Fenster oder im Badezimmer ist nicht erlaubt. Ein Versto\u00df gegen diese Regel kostet Sie \u20ac 250,-.<\/li><li>Haustiere sind nicht erlaubt<\/li><li>Wir brauchen deine Wohnadresse und Rufnummer f\u00fcr die Reservierung. Sonst schicken wir keine Zugangscode.<\/li><li>Die Herberg kann eine Barkaution von \u20ac 50,- beim Einchecken fordern.<\/li><li>Minderj\u00e4hrige sind nur unter elterlicher Aufsicht zugelassen.<\/li><li>Sie sollen sich gut benehmen und anderen nicht st\u00f6ren.<\/li><li>Sie fassen die Sachen anderer Leute nicht an.<\/li><li>Wenn etwas kaputt geht, melden Sie es uns bitte per E-Mail oder Telefon.<\/li><li>Die (Nacht-)Ruhe aller wird respektiert, also machen Sie keinen L\u00e4rm.<\/li><li>Nach 22:00 Uhr ist Ruhe angesagt so da\u00df die G\u00e4ste schlafen k\u00f6nnen.<\/li><li>Partys sind nicht erlaubt.<\/li><li>Besucher m\u00fcssen der Herberge im Voraus per E-Mail mitgeteilt werden.<\/li><li>Wir haben Videokameras installiert die 24 Stunden pro Tag \u00fcberwacht werden.<\/li><li>Sie r\u00e4umen Ihren M\u00fcll selbst auf und entsorgen ihn in den entsprechenden Beh\u00e4ltern.<\/li><li>Die Duschen und Toiletten hinterlassen Sie sauber.<\/li><li>Bitte teilen Sie uns per E-Mail oder telefonisch mit wenn es M\u00e4ngel, Unvollkommenheiten oder Reklamationen gibt.<\/li><li>Bei Verst\u00f6\u00dfen gegen die Hausordnung werden wir Sie zur Rechenschaft ziehen und ggf. die Kosten auf Ihre Konto berechnen und\/oder die Sache an der Polizei \u00fcbertragen.<\/li><\/ul><\/div><div class=\"thz-btn-container thz-custom-btn-72a53446 ctm-btn none thz-mt-24 thz-btn-flat\"><a class=\"thz-button thz-btn-trans thz-btn-medium thz-radius-3 thz-align-center\" href=\"\/contact\/\"><span class=\"thz-btn-text thz-fs-14 thz-fw-400\">Kontakt<\/span><\/a><\/div>            <\/div>\r\n                                            <\/div>\r\n    <\/div>\r\n<\/div><div id=\"thz-column-ce8156348\" class=\"thz-column thz-col-1-3 fstart\">\r\n\t<div class=\"thz-column-container\">\r\n        <div class=\"thz-column-in\">\r\n                        <div class=\"thz-column-shortcodes\">\t\r\n                \n<div class=\"thz-page-block-holder thz-page-builder-content thz-page-block-sidebar-position\"><div id=\"thz-sh-ca82ca34\" class=\"thz-shc thz-heading thz-sh-ca82ca34 thz-sh-plain thz-sh-pos-both\">\r\n\t<div class=\"thz-heading-holder\">\r\n\t\t\t\t<h2 class=\"thz-heading-title\">Kontakt<\/h2>\t\t\t<\/div>\r\n<\/div><div id=\"thz-text-block-582285c0\" class=\"thz-shc thz-text-block\"><p><iframe loading=\"lazy\" src=\"https:\/\/www.google.com\/maps\/embed?pb=!1m18!1m12!1m3!1d2442.52405223479!2d6.151357115797509!3d52.2520280797643!2m3!1f0!2f0!3f0!3m2!1i1024!2i768!4f13.1!3m3!1m2!1s0x47c7ea6663c930bd%3A0x208f09126e49232c!2sNieuwe%20Markt%203%2C%207411%20PA%20Deventer!5e0!3m2!1snl!2snl!4v1602832417879!5m2!1snl!2snl\" width=\"600\" height=\"450\" frameborder=\"0\" style=\"border:0;\" allowfullscreen=\"\" aria-hidden=\"false\" tabindex=\"0\"><\/iframe><\/p><\/div><div id=\"thz-text-block-76e7a5bd\" class=\"thz-shc thz-text-block\"><p>Hostel Deventer<br \/>Nieuwe Markt 3<br \/>7411 PA Deventer<br \/>die Niederlande<\/p><p><a href=\"mailto:info@hosteldeventer.nl\">info@hosteldeventer.nl<\/a><br \/><a href=\"tel:0570642144\">+31 (0) 613016363<\/a><\/p><\/div><div class=\"thz-btn-container thz-custom-btn-72a53446 ctm-btn none thz-mt-24 thz-btn-flat\"><a class=\"thz-button thz-btn-trans thz-btn-medium thz-radius-3 thz-align-center\" href=\"https:\/\/hosteldeventer.nl\/de\/contact\/\"><span class=\"thz-btn-text thz-fs-14 thz-fw-400\">Kontaktieren Sie uns<\/span><\/a><\/div><div class=\"thz-btn-container thz-custom-btn-72a53446 ctm-btn none thz-mt-24 thz-btn-flat\"><a class=\"thz-button thz-btn-trans thz-btn-medium thz-radius-3 thz-align-center\" href=\"https:\/\/hosteldeventer.nl\/de\/hostel-kamers\/\"><span class=\"thz-btn-text thz-fs-14 thz-fw-400\">Buchen<\/span><\/a><\/div><\/div>            <\/div>\r\n                                            <\/div>\r\n    <\/div>\r\n<\/div><\/div>\t\t\t<\/div>\r\n\t\t\t\t<\/div>\r\n\t\t\t\t<\/section>\r\n<\/div>\r\n<\/p>\n","protected":false},"excerpt":{"rendered":"<p>Neben einem tollen Platz zum Schlafen, bieten wir unseren G\u00e4sten folgendes:Automatisierter Check-in und Check-out VorgangKostenloses W-LANNetzwerkkabel in den ZimmernFreie Nutzung der K\u00fcche + Zubeh\u00f6rReinigung, W\u00e4sche und Bettzeug sind inklusive1 Doppelzimmer mit eigenem Badeszimmer2 Einzel- und 4 Doppelzimmer mit gemeinsamen BadezimmernJedes Zimmer hat ein eigenes WaschbeckenSch\u00f6ne Aussicht \u00fcber die Altstadt von Deventer Um es f\u00fcr alle angenehm zu machen,\u00a0 haben wir folgende Hausordnung:Rauchen im Zimmer oder aus dem Fenster oder im Badezimmer ist nicht erlaubt. Ein Versto\u00df gegen diese Regel kostet Sie \u20ac 250,-.Haustiere sind nicht erlaubtWir brauchen deine Wohnadresse und Rufnummer f\u00fcr die Reservierung. Sonst schicken wir keine Zugangscode.Die Herberg kann eine Barkaution von \u20ac 50,- beim Einchecken fordern.Minderj\u00e4hrige sind nur unter elterlicher Aufsicht zugelassen.Sie sollen sich gut benehmen und anderen nicht st\u00f6ren.Sie fassen die Sachen anderer Leute nicht an.Wenn etwas kaputt geht, melden Sie es uns bitte per E-Mail oder Telefon.Die (Nacht-)Ruhe aller wird respektiert, also machen Sie keinen L\u00e4rm.Nach 22:00 Uhr ist Ruhe angesagt so da\u00df die G\u00e4ste schlafen k\u00f6nnen.Partys sind nicht erlaubt.Besucher m\u00fcssen der Herberge im Voraus per E-Mail mitgeteilt werden.Wir haben Videokameras installiert die 24 Stunden pro Tag \u00fcberwacht werden.Sie r\u00e4umen Ihren M\u00fcll selbst auf und entsorgen ihn in den entsprechenden Beh\u00e4ltern.Die Duschen und Toiletten hinterlassen [&hellip;]<\/p>\n","protected":false},"author":1,"featured_media":0,"parent":0,"menu_order":0,"comment_status":"closed","ping_status":"closed","template":"template-parts\/page-builder.php","meta":{"inline_featured_image":false,"footnotes":""},"tags":[],"class_list":["post-1028","page","type-page","status-publish","hentry","page_category-content"],"yoast_head":"<!-- This site is optimized with the Yoast SEO plugin v27.5 - https:\/\/yoast.com\/product\/yoast-seo-wordpress\/ -->\n<title>Was bieten wir - Hostel Deventer<\/title>\n<meta name=\"description\" content=\"Hostel Deventer. Gut und einfach \u00fcbernachten k\u00f6nnen Sie bei uns. Wir liegen im Zentrum von der Altstadt von Deventer.\" \/>\n<meta name=\"robots\" content=\"index, follow, max-snippet:-1, max-image-preview:large, max-video-preview:-1\" \/>\n<link rel=\"canonical\" href=\"https:\/\/hosteldeventer.nl\/de\/wat-bieden-we\/\" \/>\n<meta property=\"og:locale\" content=\"de_DE\" \/>\n<meta property=\"og:type\" content=\"article\" \/>\n<meta property=\"og:title\" content=\"Was bieten wir - Hostel Deventer\" \/>\n<meta property=\"og:description\" content=\"Hostel Deventer. Gut und einfach \u00fcbernachten k\u00f6nnen Sie bei uns. Wir liegen im Zentrum von der Altstadt von Deventer.\" \/>\n<meta property=\"og:url\" content=\"https:\/\/hosteldeventer.nl\/de\/wat-bieden-we\/\" \/>\n<meta property=\"og:site_name\" content=\"Hostel Deventer\" \/>\n<meta property=\"article:modified_time\" content=\"2025-12-28T13:30:22+00:00\" \/>\n<meta name=\"twitter:card\" content=\"summary_large_image\" \/>\n<meta name=\"twitter:label1\" content=\"Gesch\u00e4tzte Lesezeit\" \/>\n\t<meta name=\"twitter:data1\" content=\"2\u00a0Minuten\" \/>\n<script type=\"application\/ld+json\" class=\"yoast-schema-graph\">{\"@context\":\"https:\\\/\\\/schema.org\",\"@graph\":[{\"@type\":\"WebPage\",\"@id\":\"https:\\\/\\\/hosteldeventer.nl\\\/de\\\/wat-bieden-we\\\/\",\"url\":\"https:\\\/\\\/hosteldeventer.nl\\\/de\\\/wat-bieden-we\\\/\",\"name\":\"Was bieten wir - Hostel Deventer\",\"isPartOf\":{\"@id\":\"https:\\\/\\\/hosteldeventer.nl\\\/#website\"},\"datePublished\":\"2019-03-11T15:21:18+00:00\",\"dateModified\":\"2025-12-28T13:30:22+00:00\",\"description\":\"Hostel Deventer. Gut und einfach \u00fcbernachten k\u00f6nnen Sie bei uns. Wir liegen im Zentrum von der Altstadt von Deventer.\",\"breadcrumb\":{\"@id\":\"https:\\\/\\\/hosteldeventer.nl\\\/de\\\/wat-bieden-we\\\/#breadcrumb\"},\"inLanguage\":\"de\",\"potentialAction\":[{\"@type\":\"ReadAction\",\"target\":[\"https:\\\/\\\/hosteldeventer.nl\\\/de\\\/wat-bieden-we\\\/\"]}]},{\"@type\":\"BreadcrumbList\",\"@id\":\"https:\\\/\\\/hosteldeventer.nl\\\/de\\\/wat-bieden-we\\\/#breadcrumb\",\"itemListElement\":[{\"@type\":\"ListItem\",\"position\":1,\"name\":\"Home\",\"item\":\"https:\\\/\\\/hosteldeventer.nl\\\/de\\\/\"},{\"@type\":\"ListItem\",\"position\":2,\"name\":\"Was bieten wir\"}]},{\"@type\":\"WebSite\",\"@id\":\"https:\\\/\\\/hosteldeventer.nl\\\/#website\",\"url\":\"https:\\\/\\\/hosteldeventer.nl\\\/\",\"name\":\"Hostel Deventer\",\"description\":\"Goed en goedkoop overnachten. Wie wil dat nou niet?\",\"potentialAction\":[{\"@type\":\"SearchAction\",\"target\":{\"@type\":\"EntryPoint\",\"urlTemplate\":\"https:\\\/\\\/hosteldeventer.nl\\\/?s={search_term_string}\"},\"query-input\":{\"@type\":\"PropertyValueSpecification\",\"valueRequired\":true,\"valueName\":\"search_term_string\"}}],\"inLanguage\":\"de\"}]}<\/script>\n<!-- \/ Yoast SEO plugin. -->","yoast_head_json":{"title":"Was bieten wir - Hostel Deventer","description":"Hostel Deventer. Gut und einfach \u00fcbernachten k\u00f6nnen Sie bei uns. Wir liegen im Zentrum von der Altstadt von Deventer.","robots":{"index":"index","follow":"follow","max-snippet":"max-snippet:-1","max-image-preview":"max-image-preview:large","max-video-preview":"max-video-preview:-1"},"canonical":"https:\/\/hosteldeventer.nl\/de\/wat-bieden-we\/","og_locale":"de_DE","og_type":"article","og_title":"Was bieten wir - Hostel Deventer","og_description":"Hostel Deventer. Gut und einfach \u00fcbernachten k\u00f6nnen Sie bei uns. Wir liegen im Zentrum von der Altstadt von Deventer.","og_url":"https:\/\/hosteldeventer.nl\/de\/wat-bieden-we\/","og_site_name":"Hostel Deventer","article_modified_time":"2025-12-28T13:30:22+00:00","twitter_card":"summary_large_image","twitter_misc":{"Gesch\u00e4tzte Lesezeit":"2\u00a0Minuten"},"schema":{"@context":"https:\/\/schema.org","@graph":[{"@type":"WebPage","@id":"https:\/\/hosteldeventer.nl\/de\/wat-bieden-we\/","url":"https:\/\/hosteldeventer.nl\/de\/wat-bieden-we\/","name":"Was bieten wir - Hostel Deventer","isPartOf":{"@id":"https:\/\/hosteldeventer.nl\/#website"},"datePublished":"2019-03-11T15:21:18+00:00","dateModified":"2025-12-28T13:30:22+00:00","description":"Hostel Deventer. Gut und einfach \u00fcbernachten k\u00f6nnen Sie bei uns. Wir liegen im Zentrum von der Altstadt von Deventer.","breadcrumb":{"@id":"https:\/\/hosteldeventer.nl\/de\/wat-bieden-we\/#breadcrumb"},"inLanguage":"de","potentialAction":[{"@type":"ReadAction","target":["https:\/\/hosteldeventer.nl\/de\/wat-bieden-we\/"]}]},{"@type":"BreadcrumbList","@id":"https:\/\/hosteldeventer.nl\/de\/wat-bieden-we\/#breadcrumb","itemListElement":[{"@type":"ListItem","position":1,"name":"Home","item":"https:\/\/hosteldeventer.nl\/de\/"},{"@type":"ListItem","position":2,"name":"Was bieten wir"}]},{"@type":"WebSite","@id":"https:\/\/hosteldeventer.nl\/#website","url":"https:\/\/hosteldeventer.nl\/","name":"Hostel Deventer","description":"Goed en goedkoop overnachten. Wie wil dat nou niet?","potentialAction":[{"@type":"SearchAction","target":{"@type":"EntryPoint","urlTemplate":"https:\/\/hosteldeventer.nl\/?s={search_term_string}"},"query-input":{"@type":"PropertyValueSpecification","valueRequired":true,"valueName":"search_term_string"}}],"inLanguage":"de"}]}},"_links":{"self":[{"href":"https:\/\/hosteldeventer.nl\/de\/wp-json\/wp\/v2\/pages\/1028","targetHints":{"allow":["GET"]}}],"collection":[{"href":"https:\/\/hosteldeventer.nl\/de\/wp-json\/wp\/v2\/pages"}],"about":[{"href":"https:\/\/hosteldeventer.nl\/de\/wp-json\/wp\/v2\/types\/page"}],"author":[{"embeddable":true,"href":"https:\/\/hosteldeventer.nl\/de\/wp-json\/wp\/v2\/users\/1"}],"replies":[{"embeddable":true,"href":"https:\/\/hosteldeventer.nl\/de\/wp-json\/wp\/v2\/comments?post=1028"}],"version-history":[{"count":15,"href":"https:\/\/hosteldeventer.nl\/de\/wp-json\/wp\/v2\/pages\/1028\/revisions"}],"predecessor-version":[{"id":1511,"href":"https:\/\/hosteldeventer.nl\/de\/wp-json\/wp\/v2\/pages\/1028\/revisions\/1511"}],"wp:attachment":[{"href":"https:\/\/hosteldeventer.nl\/de\/wp-json\/wp\/v2\/media?parent=1028"}],"wp:term":[{"taxonomy":"post_tag","embeddable":true,"href":"https:\/\/hosteldeventer.nl\/de\/wp-json\/wp\/v2\/tags?post=1028"}],"curies":[{"name":"wp","href":"https:\/\/api.w.org\/{rel}","templated":true}]}}