{"id":1023,"date":"2019-03-12T12:17:03","date_gmt":"2019-03-12T11:17:03","guid":{"rendered":"https:\/\/hosteldeventer.nl\/privacyverklaring\/"},"modified":"2020-12-14T11:58:27","modified_gmt":"2020-12-14T10:58:27","slug":"privacyverklaring","status":"publish","type":"page","link":"https:\/\/hosteldeventer.nl\/de\/privacyverklaring\/","title":{"rendered":"Privacyverklaring"},"content":{"rendered":"<p><div id=\"thz-section-holder-sfc3a8ece\" class=\"thz-section-holder section-notcontained none\" data-view-brightness=\"none\">\r\n\t<section class=\"thz-section\">\r\n\t\t<div class=\"thz-section-in\">\r\n\t\t\t\t\t<div class=\"thz-container content-contained thz-site-width\">\r\n\t\t\t\t\t\t\t<\/div>\r\n\t\t\t\t<\/div>\r\n\t\t<div class=\"thz-bglayer-container\"><div id=\"thz-bglayer-1dce792f\" class=\"thz-basic-bglayer\"><\/div><\/div>\t\t<\/section>\r\n<\/div>\r\n<div id=\"thz-section-holder-s6c66b36d\" class=\"thz-section-holder section-notcontained none\" data-view-brightness=\"none\">\r\n\t<section class=\"thz-section\">\r\n\t\t<div class=\"thz-section-in\">\r\n\t\t\t\t\t<div class=\"thz-container content-contained thz-site-width\">\r\n\t\t\t\t<div class=\"thz-row\">\r\n\t<div id=\"thz-column-c5ce9a455\" class=\"thz-column thz-col-2-3 fstart\">\r\n\t<div class=\"thz-column-container\">\r\n        <div class=\"thz-column-in\">\r\n                        <div class=\"thz-column-shortcodes\">\t\r\n                <div id=\"thz-sh-1244e510\" class=\"thz-shc thz-heading thz-sh-1244e510 thz-sh-plain thz-sh-pos-both\">\r\n\t<div class=\"thz-heading-holder\">\r\n\t\t\t\t\t\t\t<\/div>\r\n<\/div><div id=\"thz-text-block-0960e049\" class=\"thz-shc thz-text-block\"><p><strong>Personenbezogene Daten, die wir verarbeiten<\/strong><\/p><p>Hostel Deventer verarbeitet Ihre personenbezogenen Daten, weil Sie unsere Dienste in Anspruch nehmen und\/oder weil Sie uns diese selbst zur Verf\u00fcgung stellen. Nachfolgend finden Sie eine \u00dcbersicht \u00fcber die von uns verarbeiteten personenbezogenen Daten:<br \/>- Vor- und Nachname<br \/>- Geschlecht<br \/>- Geburtsdatum<br \/>- Adresse Details<br \/>- Telefon-Nummer<br \/>- E-Mail Adresse<br \/>- Andere pers\u00f6nliche Daten, die Sie aktiv zur Verf\u00fcgung stellen, z.B. durch die Erstellung eines Profils auf dieser Website, in der Korrespondenz und am Telefon.<br \/>- Informationen \u00fcber Ihre Aktivit\u00e4ten auf unserer Website<br \/>- Internet-Browser und Ger\u00e4tetyp<br \/>- Bankkontonummer<br \/>- Gesundheit, z. B. di\u00e4tetische Anforderungen oder Rollstuhlnutzung<\/p><p>Besondere und\/oder sensible personenbezogene Daten, die wir verarbeiten<br \/>Wenn Sie uns Gesundheitsinformationen zur Verf\u00fcgung stellen, wie z. B. Di\u00e4tanforderungen, Allergien oder die Nutzung eines Rollstuhls, werden wir diese Informationen in Ihre Reservierung aufnehmen. Wir k\u00f6nnen diese Informationen f\u00fcr zuk\u00fcnftige Buchungen speichern. Unsere Website und\/oder unser Service beabsichtigt nicht, Informationen \u00fcber Website-Besucher unter 16 Jahren zu sammeln. Es sei denn, sie haben die Erlaubnis der Eltern oder Erziehungsberechtigten. Wir k\u00f6nnen jedoch nicht \u00fcberpr\u00fcfen, ob ein Besucher \u00fcber 16 Jahre alt ist. Wir ermutigen Eltern, sich an den Online-Aktivit\u00e4ten ihrer Kinder zu beteiligen, um zu verhindern, dass Informationen \u00fcber Kinder ohne elterliche Zustimmung gesammelt werden.<\/p><p>Zu welchem Zweck und auf welcher Grundlage wir personenbezogene Daten verarbeiten<br \/>Das Hostel Deventer verarbeitet Ihre personenbezogenen Daten f\u00fcr die folgenden Zwecke:<br \/>- Bearbeitung Ihrer Zahlung<br \/>- Zusendung unseres Newsletters und\/oder unserer Werbebrosch\u00fcre<br \/>- Um Sie anrufen oder per E-Mail kontaktieren zu k\u00f6nnen, wenn dies zur Durchf\u00fchrung unserer Dienstleistungen erforderlich ist<br \/>- Sie \u00fcber \u00c4nderungen an unseren Dienstleistungen und Produkten zu informieren<br \/>- Bilderberg analysiert Ihr Verhalten auf der Website, um die Website zu verbessern und das Angebot an Produkten und Dienstleistungen auf Ihre Pr\u00e4ferenzen abzustimmen.<\/p><p>Automatisierte Entscheidungsfindung Hostel Deventer trifft keine Entscheidungen \u00fcber Angelegenheiten, die (erhebliche) Auswirkungen auf Einzelpersonen haben k\u00f6nnen, auf der Grundlage einer automatisierten Verarbeitung. Dabei handelt es sich um Entscheidungen, die von Computerprogrammen oder -systemen getroffen werden, ohne dass ein Mensch (z.B. ein Mitarbeiter des Hostel Deventer) daran beteiligt ist.<\/p><p><strong>Wie lange wir pers\u00f6nliche Daten aufbewahren<\/strong><br \/>Hostel Deventer bewahrt Ihre pers\u00f6nlichen Daten nicht l\u00e4nger auf, als es unbedingt notwendig ist, um die Zwecke zu erreichen, f\u00fcr die Ihre Daten gesammelt wurden.<\/p><p>&nbsp;<\/p><\/div>            <\/div>\r\n                                            <\/div>\r\n    <\/div>\r\n<\/div><div id=\"thz-column-ce8156348\" class=\"thz-column thz-col-1-3 fstart\">\r\n\t<div class=\"thz-column-container\">\r\n        <div class=\"thz-column-in\">\r\n                        <div class=\"thz-column-shortcodes\">\t\r\n                \n<div class=\"thz-page-block-holder thz-page-builder-content thz-page-block-sidebar-position\"><div id=\"thz-sh-ca82ca34\" class=\"thz-shc thz-heading thz-sh-ca82ca34 thz-sh-plain thz-sh-pos-both\">\r\n\t<div class=\"thz-heading-holder\">\r\n\t\t\t\t<h2 class=\"thz-heading-title\">Kontakt<\/h2>\t\t\t<\/div>\r\n<\/div><div id=\"thz-text-block-582285c0\" class=\"thz-shc thz-text-block\"><p><iframe loading=\"lazy\" src=\"https:\/\/www.google.com\/maps\/embed?pb=!1m18!1m12!1m3!1d2442.52405223479!2d6.151357115797509!3d52.2520280797643!2m3!1f0!2f0!3f0!3m2!1i1024!2i768!4f13.1!3m3!1m2!1s0x47c7ea6663c930bd%3A0x208f09126e49232c!2sNieuwe%20Markt%203%2C%207411%20PA%20Deventer!5e0!3m2!1snl!2snl!4v1602832417879!5m2!1snl!2snl\" width=\"600\" height=\"450\" frameborder=\"0\" style=\"border:0;\" allowfullscreen=\"\" aria-hidden=\"false\" tabindex=\"0\"><\/iframe><\/p><\/div><div id=\"thz-text-block-76e7a5bd\" class=\"thz-shc thz-text-block\"><p>Hostel Deventer<br \/>Nieuwe Markt 3<br \/>7411 PA Deventer<br \/>die Niederlande<\/p><p><a href=\"mailto:info@hosteldeventer.nl\">info@hosteldeventer.nl<\/a><br \/><a href=\"tel:0570642144\">+31 (0) 613016363<\/a><\/p><\/div><div class=\"thz-btn-container thz-custom-btn-72a53446 ctm-btn none thz-mt-24 thz-btn-flat\"><a class=\"thz-button thz-btn-trans thz-btn-medium thz-radius-3 thz-align-center\" href=\"https:\/\/hosteldeventer.nl\/de\/contact\/\"><span class=\"thz-btn-text thz-fs-14 thz-fw-400\">Kontaktieren Sie uns<\/span><\/a><\/div><div class=\"thz-btn-container thz-custom-btn-72a53446 ctm-btn none thz-mt-24 thz-btn-flat\"><a class=\"thz-button thz-btn-trans thz-btn-medium thz-radius-3 thz-align-center\" href=\"https:\/\/hosteldeventer.nl\/de\/hostel-kamers\/\"><span class=\"thz-btn-text thz-fs-14 thz-fw-400\">Buchen<\/span><\/a><\/div><\/div>            <\/div>\r\n                                            <\/div>\r\n    <\/div>\r\n<\/div><\/div>\t\t\t<\/div>\r\n\t\t\t\t<\/div>\r\n\t\t\t\t<\/section>\r\n<\/div>\r\n<\/p>\n","protected":false},"excerpt":{"rendered":"<p>Personenbezogene Daten, die wir verarbeitenHostel Deventer verarbeitet Ihre personenbezogenen Daten, weil Sie unsere Dienste in Anspruch nehmen und\/oder weil Sie uns diese selbst zur Verf\u00fcgung stellen. Nachfolgend finden Sie eine \u00dcbersicht \u00fcber die von uns verarbeiteten personenbezogenen Daten:- Vor- und Nachname- Geschlecht- Geburtsdatum- Adresse Details- Telefon-Nummer- E-Mail Adresse- Andere pers\u00f6nliche Daten, die Sie aktiv zur Verf\u00fcgung stellen, z.B. durch die Erstellung eines Profils auf dieser Website, in der Korrespondenz und am Telefon.- Informationen \u00fcber Ihre Aktivit\u00e4ten auf unserer Website- Internet-Browser und Ger\u00e4tetyp- Bankkontonummer- Gesundheit, z. B. di\u00e4tetische Anforderungen oder RollstuhlnutzungBesondere und\/oder sensible personenbezogene Daten, die wir verarbeitenWenn Sie uns Gesundheitsinformationen zur Verf\u00fcgung stellen, wie z. B. Di\u00e4tanforderungen, Allergien oder die Nutzung eines Rollstuhls, werden wir diese Informationen in Ihre Reservierung aufnehmen. Wir k\u00f6nnen diese Informationen f\u00fcr zuk\u00fcnftige Buchungen speichern. Unsere Website und\/oder unser Service beabsichtigt nicht, Informationen \u00fcber Website-Besucher unter 16 Jahren zu sammeln. Es sei denn, sie haben die Erlaubnis der Eltern oder Erziehungsberechtigten. Wir k\u00f6nnen jedoch nicht \u00fcberpr\u00fcfen, ob ein Besucher \u00fcber 16 Jahre alt ist. Wir ermutigen Eltern, sich an den Online-Aktivit\u00e4ten ihrer Kinder zu beteiligen, um zu verhindern, dass Informationen \u00fcber Kinder ohne elterliche Zustimmung gesammelt werden.Zu welchem Zweck und auf welcher Grundlage wir personenbezogene Daten [&hellip;]<\/p>\n","protected":false},"author":1,"featured_media":0,"parent":0,"menu_order":0,"comment_status":"closed","ping_status":"closed","template":"template-parts\/page-builder.php","meta":{"inline_featured_image":false,"footnotes":""},"tags":[],"class_list":["post-1023","page","type-page","status-publish","hentry","page_category-content"],"yoast_head":"<!-- This site is optimized with the Yoast SEO plugin v27.5 - https:\/\/yoast.com\/product\/yoast-seo-wordpress\/ -->\n<title>Privacyverklaring - Hostel Deventer<\/title>\n<meta name=\"robots\" content=\"index, follow, max-snippet:-1, max-image-preview:large, max-video-preview:-1\" \/>\n<link rel=\"canonical\" href=\"https:\/\/hosteldeventer.nl\/de\/privacyverklaring\/\" \/>\n<meta property=\"og:locale\" content=\"de_DE\" \/>\n<meta property=\"og:type\" content=\"article\" \/>\n<meta property=\"og:title\" content=\"Privacyverklaring - Hostel Deventer\" \/>\n<meta property=\"og:description\" content=\"Personenbezogene Daten, die wir verarbeitenHostel Deventer verarbeitet Ihre personenbezogenen Daten, weil Sie unsere Dienste in Anspruch nehmen und\/oder weil Sie uns diese selbst zur Verf\u00fcgung stellen. Nachfolgend finden Sie eine \u00dcbersicht \u00fcber die von uns verarbeiteten personenbezogenen Daten:- Vor- und Nachname- Geschlecht- Geburtsdatum- Adresse Details- Telefon-Nummer- E-Mail Adresse- Andere pers\u00f6nliche Daten, die Sie aktiv zur Verf\u00fcgung stellen, z.B. durch die Erstellung eines Profils auf dieser Website, in der Korrespondenz und am Telefon.- Informationen \u00fcber Ihre Aktivit\u00e4ten auf unserer Website- Internet-Browser und Ger\u00e4tetyp- Bankkontonummer- Gesundheit, z. B. di\u00e4tetische Anforderungen oder RollstuhlnutzungBesondere und\/oder sensible personenbezogene Daten, die wir verarbeitenWenn Sie uns Gesundheitsinformationen zur Verf\u00fcgung stellen, wie z. B. Di\u00e4tanforderungen, Allergien oder die Nutzung eines Rollstuhls, werden wir diese Informationen in Ihre Reservierung aufnehmen. Wir k\u00f6nnen diese Informationen f\u00fcr zuk\u00fcnftige Buchungen speichern. Unsere Website und\/oder unser Service beabsichtigt nicht, Informationen \u00fcber Website-Besucher unter 16 Jahren zu sammeln. Es sei denn, sie haben die Erlaubnis der Eltern oder Erziehungsberechtigten. Wir k\u00f6nnen jedoch nicht \u00fcberpr\u00fcfen, ob ein Besucher \u00fcber 16 Jahre alt ist. Wir ermutigen Eltern, sich an den Online-Aktivit\u00e4ten ihrer Kinder zu beteiligen, um zu verhindern, dass Informationen \u00fcber Kinder ohne elterliche Zustimmung gesammelt werden.Zu welchem Zweck und auf welcher Grundlage wir personenbezogene Daten [&hellip;]\" \/>\n<meta property=\"og:url\" content=\"https:\/\/hosteldeventer.nl\/de\/privacyverklaring\/\" \/>\n<meta property=\"og:site_name\" content=\"Hostel Deventer\" \/>\n<meta property=\"article:modified_time\" content=\"2020-12-14T10:58:27+00:00\" \/>\n<meta name=\"twitter:card\" content=\"summary_large_image\" \/>\n<meta name=\"twitter:label1\" content=\"Gesch\u00e4tzte Lesezeit\" \/>\n\t<meta name=\"twitter:data1\" content=\"2\u00a0Minuten\" \/>\n<script type=\"application\/ld+json\" class=\"yoast-schema-graph\">{\"@context\":\"https:\\\/\\\/schema.org\",\"@graph\":[{\"@type\":\"WebPage\",\"@id\":\"https:\\\/\\\/hosteldeventer.nl\\\/de\\\/privacyverklaring\\\/\",\"url\":\"https:\\\/\\\/hosteldeventer.nl\\\/de\\\/privacyverklaring\\\/\",\"name\":\"Privacyverklaring - Hostel Deventer\",\"isPartOf\":{\"@id\":\"https:\\\/\\\/hosteldeventer.nl\\\/#website\"},\"datePublished\":\"2019-03-12T11:17:03+00:00\",\"dateModified\":\"2020-12-14T10:58:27+00:00\",\"breadcrumb\":{\"@id\":\"https:\\\/\\\/hosteldeventer.nl\\\/de\\\/privacyverklaring\\\/#breadcrumb\"},\"inLanguage\":\"de\",\"potentialAction\":[{\"@type\":\"ReadAction\",\"target\":[\"https:\\\/\\\/hosteldeventer.nl\\\/de\\\/privacyverklaring\\\/\"]}]},{\"@type\":\"BreadcrumbList\",\"@id\":\"https:\\\/\\\/hosteldeventer.nl\\\/de\\\/privacyverklaring\\\/#breadcrumb\",\"itemListElement\":[{\"@type\":\"ListItem\",\"position\":1,\"name\":\"Home\",\"item\":\"https:\\\/\\\/hosteldeventer.nl\\\/de\\\/\"},{\"@type\":\"ListItem\",\"position\":2,\"name\":\"Privacyverklaring\"}]},{\"@type\":\"WebSite\",\"@id\":\"https:\\\/\\\/hosteldeventer.nl\\\/#website\",\"url\":\"https:\\\/\\\/hosteldeventer.nl\\\/\",\"name\":\"Hostel Deventer\",\"description\":\"Goed en goedkoop overnachten. Wie wil dat nou niet?\",\"potentialAction\":[{\"@type\":\"SearchAction\",\"target\":{\"@type\":\"EntryPoint\",\"urlTemplate\":\"https:\\\/\\\/hosteldeventer.nl\\\/?s={search_term_string}\"},\"query-input\":{\"@type\":\"PropertyValueSpecification\",\"valueRequired\":true,\"valueName\":\"search_term_string\"}}],\"inLanguage\":\"de\"}]}<\/script>\n<!-- \/ Yoast SEO plugin. -->","yoast_head_json":{"title":"Privacyverklaring - Hostel Deventer","robots":{"index":"index","follow":"follow","max-snippet":"max-snippet:-1","max-image-preview":"max-image-preview:large","max-video-preview":"max-video-preview:-1"},"canonical":"https:\/\/hosteldeventer.nl\/de\/privacyverklaring\/","og_locale":"de_DE","og_type":"article","og_title":"Privacyverklaring - Hostel Deventer","og_description":"Personenbezogene Daten, die wir verarbeitenHostel Deventer verarbeitet Ihre personenbezogenen Daten, weil Sie unsere Dienste in Anspruch nehmen und\/oder weil Sie uns diese selbst zur Verf\u00fcgung stellen. Nachfolgend finden Sie eine \u00dcbersicht \u00fcber die von uns verarbeiteten personenbezogenen Daten:- Vor- und Nachname- Geschlecht- Geburtsdatum- Adresse Details- Telefon-Nummer- E-Mail Adresse- Andere pers\u00f6nliche Daten, die Sie aktiv zur Verf\u00fcgung stellen, z.B. durch die Erstellung eines Profils auf dieser Website, in der Korrespondenz und am Telefon.- Informationen \u00fcber Ihre Aktivit\u00e4ten auf unserer Website- Internet-Browser und Ger\u00e4tetyp- Bankkontonummer- Gesundheit, z. B. di\u00e4tetische Anforderungen oder RollstuhlnutzungBesondere und\/oder sensible personenbezogene Daten, die wir verarbeitenWenn Sie uns Gesundheitsinformationen zur Verf\u00fcgung stellen, wie z. B. Di\u00e4tanforderungen, Allergien oder die Nutzung eines Rollstuhls, werden wir diese Informationen in Ihre Reservierung aufnehmen. Wir k\u00f6nnen diese Informationen f\u00fcr zuk\u00fcnftige Buchungen speichern. Unsere Website und\/oder unser Service beabsichtigt nicht, Informationen \u00fcber Website-Besucher unter 16 Jahren zu sammeln. Es sei denn, sie haben die Erlaubnis der Eltern oder Erziehungsberechtigten. Wir k\u00f6nnen jedoch nicht \u00fcberpr\u00fcfen, ob ein Besucher \u00fcber 16 Jahre alt ist. Wir ermutigen Eltern, sich an den Online-Aktivit\u00e4ten ihrer Kinder zu beteiligen, um zu verhindern, dass Informationen \u00fcber Kinder ohne elterliche Zustimmung gesammelt werden.Zu welchem Zweck und auf welcher Grundlage wir personenbezogene Daten [&hellip;]","og_url":"https:\/\/hosteldeventer.nl\/de\/privacyverklaring\/","og_site_name":"Hostel Deventer","article_modified_time":"2020-12-14T10:58:27+00:00","twitter_card":"summary_large_image","twitter_misc":{"Gesch\u00e4tzte Lesezeit":"2\u00a0Minuten"},"schema":{"@context":"https:\/\/schema.org","@graph":[{"@type":"WebPage","@id":"https:\/\/hosteldeventer.nl\/de\/privacyverklaring\/","url":"https:\/\/hosteldeventer.nl\/de\/privacyverklaring\/","name":"Privacyverklaring - Hostel Deventer","isPartOf":{"@id":"https:\/\/hosteldeventer.nl\/#website"},"datePublished":"2019-03-12T11:17:03+00:00","dateModified":"2020-12-14T10:58:27+00:00","breadcrumb":{"@id":"https:\/\/hosteldeventer.nl\/de\/privacyverklaring\/#breadcrumb"},"inLanguage":"de","potentialAction":[{"@type":"ReadAction","target":["https:\/\/hosteldeventer.nl\/de\/privacyverklaring\/"]}]},{"@type":"BreadcrumbList","@id":"https:\/\/hosteldeventer.nl\/de\/privacyverklaring\/#breadcrumb","itemListElement":[{"@type":"ListItem","position":1,"name":"Home","item":"https:\/\/hosteldeventer.nl\/de\/"},{"@type":"ListItem","position":2,"name":"Privacyverklaring"}]},{"@type":"WebSite","@id":"https:\/\/hosteldeventer.nl\/#website","url":"https:\/\/hosteldeventer.nl\/","name":"Hostel Deventer","description":"Goed en goedkoop overnachten. Wie wil dat nou niet?","potentialAction":[{"@type":"SearchAction","target":{"@type":"EntryPoint","urlTemplate":"https:\/\/hosteldeventer.nl\/?s={search_term_string}"},"query-input":{"@type":"PropertyValueSpecification","valueRequired":true,"valueName":"search_term_string"}}],"inLanguage":"de"}]}},"_links":{"self":[{"href":"https:\/\/hosteldeventer.nl\/de\/wp-json\/wp\/v2\/pages\/1023","targetHints":{"allow":["GET"]}}],"collection":[{"href":"https:\/\/hosteldeventer.nl\/de\/wp-json\/wp\/v2\/pages"}],"about":[{"href":"https:\/\/hosteldeventer.nl\/de\/wp-json\/wp\/v2\/types\/page"}],"author":[{"embeddable":true,"href":"https:\/\/hosteldeventer.nl\/de\/wp-json\/wp\/v2\/users\/1"}],"replies":[{"embeddable":true,"href":"https:\/\/hosteldeventer.nl\/de\/wp-json\/wp\/v2\/comments?post=1023"}],"version-history":[{"count":3,"href":"https:\/\/hosteldeventer.nl\/de\/wp-json\/wp\/v2\/pages\/1023\/revisions"}],"predecessor-version":[{"id":1092,"href":"https:\/\/hosteldeventer.nl\/de\/wp-json\/wp\/v2\/pages\/1023\/revisions\/1092"}],"wp:attachment":[{"href":"https:\/\/hosteldeventer.nl\/de\/wp-json\/wp\/v2\/media?parent=1023"}],"wp:term":[{"taxonomy":"post_tag","embeddable":true,"href":"https:\/\/hosteldeventer.nl\/de\/wp-json\/wp\/v2\/tags?post=1023"}],"curies":[{"name":"wp","href":"https:\/\/api.w.org\/{rel}","templated":true}]}}